{"id":921,"date":"2022-01-06T15:44:05","date_gmt":"2022-02-05T10:06:31","guid":{"rendered":"https:\/\/www.german-design-shop.de\/?post_type=product&#038;p=921"},"modified":"2022-02-05T10:06:31","modified_gmt":"2022-02-05T10:06:31","slug":"reloj-de-cuco-de-cuarzo-chalet-raben","status":"publish","type":"product","link":"https:\/\/www.german-design-shop.de\/es\/producto\/reloj-de-cuco-de-cuarzo-chalet-raben\/","title":{"rendered":"Reloj de cuco de cuarzo &#8211; Chalet Raben"},"content":{"rendered":"<ul>\n<li>Color: marr\u00f3n, naturaleza<\/li>\n<li>Altura: 20 cm<\/li>\n<li>Material madera: no<\/li>\n<li>Reloj: cuarzo<\/li>\n<li>con m\u00fasica\/12 melod\u00edas: s\u00ed<\/li>\n<li>con bailarina: no<\/li>\n<li>con elementos m\u00f3viles: no<\/li>\n<li>desconexi\u00f3n nocturna autom\u00e1tica: s\u00ed<\/li>\n<\/ul>\n","protected":false},"excerpt":{"rendered":"<p>Color: marr\u00f3n, naturaleza Altura: 20 cm Material madera: no Reloj: cuarzo con m\u00fasica\/12 melod\u00edas: s\u00ed con bailarina: no con elementos m\u00f3viles: no desconexi\u00f3n nocturna autom\u00e1tica: s\u00ed<\/p>\n","protected":false},"featured_media":546,"template":"","meta":[],"product_cat":[31,72,79,100],"product_tag":[],"class_list":["post-921","product","type-product","status-publish","has-post-thumbnail","hentry","product_cat-kuckucksuhren","product_cat-kuckucksuhren-quarz","product_cat-relojes-de-cuco","product_cat-relojes-de-cuco-de-cuarzo-es"],"yoast_head":"<!-- This site is optimized with the Yoast SEO plugin v24.8.1 - https:\/\/yoast.com\/wordpress\/plugins\/seo\/ -->\n<title>Reloj de cuco de cuarzo - Chalet Raben - german design - Geschenkartikel &amp; Accessoires - Rathausstr. 17 - 10178 Berlin<\/title>\n<meta name=\"robots\" content=\"index, follow, max-snippet:-1, max-image-preview:large, max-video-preview:-1\" \/>\n<link rel=\"canonical\" href=\"https:\/\/www.german-design-shop.de\/es\/producto\/reloj-de-cuco-de-cuarzo-chalet-raben\/\" \/>\n<meta property=\"og:locale\" content=\"es_ES\" \/>\n<meta property=\"og:type\" content=\"article\" \/>\n<meta property=\"og:title\" content=\"Reloj de cuco de cuarzo - Chalet Raben - german design - Geschenkartikel &amp; Accessoires - Rathausstr. 17 - 10178 Berlin\" \/>\n<meta property=\"og:description\" content=\"Color: marr\u00f3n, naturaleza Altura: 20 cm Material madera: no Reloj: cuarzo con m\u00fasica\/12 melod\u00edas: s\u00ed con bailarina: no con elementos m\u00f3viles: no desconexi\u00f3n nocturna autom\u00e1tica: s\u00ed\" \/>\n<meta property=\"og:url\" content=\"https:\/\/www.german-design-shop.de\/es\/producto\/reloj-de-cuco-de-cuarzo-chalet-raben\/\" \/>\n<meta property=\"og:site_name\" content=\"german design - Geschenkartikel &amp; Accessoires - Rathausstr. 17 - 10178 Berlin\" \/>\n<meta property=\"og:image\" content=\"https:\/\/www.german-design-shop.de\/wp-content\/uploads\/2022\/01\/quartz-kuckucksuhr-firma-trenkle-4232.jpg\" \/>\n\t<meta property=\"og:image:width\" content=\"1100\" \/>\n\t<meta property=\"og:image:height\" content=\"1600\" \/>\n\t<meta property=\"og:image:type\" content=\"image\/jpeg\" \/>\n<meta name=\"twitter:card\" content=\"summary_large_image\" \/>\n<meta name=\"twitter:label1\" content=\"Tiempo de lectura\" \/>\n\t<meta name=\"twitter:data1\" content=\"1 minuto\" \/>\n<script type=\"application\/ld+json\" class=\"yoast-schema-graph\">{\"@context\":\"https:\/\/schema.org\",\"@graph\":[{\"@type\":\"WebPage\",\"@id\":\"https:\/\/www.german-design-shop.de\/es\/producto\/reloj-de-cuco-de-cuarzo-chalet-raben\/\",\"url\":\"https:\/\/www.german-design-shop.de\/es\/producto\/reloj-de-cuco-de-cuarzo-chalet-raben\/\",\"name\":\"Reloj de cuco de cuarzo - Chalet Raben - german design - Geschenkartikel &amp; Accessoires - Rathausstr. 17 - 10178 Berlin\",\"isPartOf\":{\"@id\":\"https:\/\/www.german-design-shop.de\/#website\"},\"primaryImageOfPage\":{\"@id\":\"https:\/\/www.german-design-shop.de\/es\/producto\/reloj-de-cuco-de-cuarzo-chalet-raben\/#primaryimage\"},\"image\":{\"@id\":\"https:\/\/www.german-design-shop.de\/es\/producto\/reloj-de-cuco-de-cuarzo-chalet-raben\/#primaryimage\"},\"thumbnailUrl\":\"https:\/\/www.german-design-shop.de\/wp-content\/uploads\/2022\/01\/quartz-kuckucksuhr-firma-trenkle-4232.jpg\",\"datePublished\":\"2022-02-05T10:06:31+00:00\",\"breadcrumb\":{\"@id\":\"https:\/\/www.german-design-shop.de\/es\/producto\/reloj-de-cuco-de-cuarzo-chalet-raben\/#breadcrumb\"},\"inLanguage\":\"es\",\"potentialAction\":[{\"@type\":\"ReadAction\",\"target\":[\"https:\/\/www.german-design-shop.de\/es\/producto\/reloj-de-cuco-de-cuarzo-chalet-raben\/\"]}]},{\"@type\":\"ImageObject\",\"inLanguage\":\"es\",\"@id\":\"https:\/\/www.german-design-shop.de\/es\/producto\/reloj-de-cuco-de-cuarzo-chalet-raben\/#primaryimage\",\"url\":\"https:\/\/www.german-design-shop.de\/wp-content\/uploads\/2022\/01\/quartz-kuckucksuhr-firma-trenkle-4232.jpg\",\"contentUrl\":\"https:\/\/www.german-design-shop.de\/wp-content\/uploads\/2022\/01\/quartz-kuckucksuhr-firma-trenkle-4232.jpg\",\"width\":1100,\"height\":1600},{\"@type\":\"BreadcrumbList\",\"@id\":\"https:\/\/www.german-design-shop.de\/es\/producto\/reloj-de-cuco-de-cuarzo-chalet-raben\/#breadcrumb\",\"itemListElement\":[{\"@type\":\"ListItem\",\"position\":1,\"name\":\"Startseite\",\"item\":\"https:\/\/www.german-design-shop.de\/es\/\"},{\"@type\":\"ListItem\",\"position\":2,\"name\":\"Shop\",\"item\":\"https:\/\/www.german-design-shop.de\/shop\/\"},{\"@type\":\"ListItem\",\"position\":3,\"name\":\"Reloj de cuco de cuarzo &#8211; Chalet Raben\"}]},{\"@type\":\"WebSite\",\"@id\":\"https:\/\/www.german-design-shop.de\/#website\",\"url\":\"https:\/\/www.german-design-shop.de\/\",\"name\":\"german design - Geschenkartikel &amp; Accessoires - Rathausstr. 17 - 10178 Berlin\",\"description\":\"handbemalte Kuckucksuhren, Bierkr\u00fcge, Zinngeschirr, Zinnsoldaten und vieles mehr\",\"publisher\":{\"@id\":\"https:\/\/www.german-design-shop.de\/#organization\"},\"potentialAction\":[{\"@type\":\"SearchAction\",\"target\":{\"@type\":\"EntryPoint\",\"urlTemplate\":\"https:\/\/www.german-design-shop.de\/?s={search_term_string}\"},\"query-input\":{\"@type\":\"PropertyValueSpecification\",\"valueRequired\":true,\"valueName\":\"search_term_string\"}}],\"inLanguage\":\"es\"},{\"@type\":\"Organization\",\"@id\":\"https:\/\/www.german-design-shop.de\/#organization\",\"name\":\"german design\",\"url\":\"https:\/\/www.german-design-shop.de\/\",\"logo\":{\"@type\":\"ImageObject\",\"inLanguage\":\"es\",\"@id\":\"https:\/\/www.german-design-shop.de\/#\/schema\/logo\/image\/\",\"url\":\"https:\/\/www.german-design-shop.de\/wp-content\/uploads\/2021\/11\/logo.png\",\"contentUrl\":\"https:\/\/www.german-design-shop.de\/wp-content\/uploads\/2021\/11\/logo.png\",\"width\":280,\"height\":167,\"caption\":\"german design\"},\"image\":{\"@id\":\"https:\/\/www.german-design-shop.de\/#\/schema\/logo\/image\/\"}}]}<\/script>\n<!-- \/ Yoast SEO plugin. -->","yoast_head_json":{"title":"Reloj de cuco de cuarzo - Chalet Raben - german design - Geschenkartikel &amp; Accessoires - Rathausstr. 17 - 10178 Berlin","robots":{"index":"index","follow":"follow","max-snippet":"max-snippet:-1","max-image-preview":"max-image-preview:large","max-video-preview":"max-video-preview:-1"},"canonical":"https:\/\/www.german-design-shop.de\/es\/producto\/reloj-de-cuco-de-cuarzo-chalet-raben\/","og_locale":"es_ES","og_type":"article","og_title":"Reloj de cuco de cuarzo - Chalet Raben - german design - Geschenkartikel &amp; Accessoires - Rathausstr. 17 - 10178 Berlin","og_description":"Color: marr\u00f3n, naturaleza Altura: 20 cm Material madera: no Reloj: cuarzo con m\u00fasica\/12 melod\u00edas: s\u00ed con bailarina: no con elementos m\u00f3viles: no desconexi\u00f3n nocturna autom\u00e1tica: s\u00ed","og_url":"https:\/\/www.german-design-shop.de\/es\/producto\/reloj-de-cuco-de-cuarzo-chalet-raben\/","og_site_name":"german design - Geschenkartikel &amp; Accessoires - Rathausstr. 17 - 10178 Berlin","og_image":[{"width":1100,"height":1600,"url":"https:\/\/www.german-design-shop.de\/wp-content\/uploads\/2022\/01\/quartz-kuckucksuhr-firma-trenkle-4232.jpg","type":"image\/jpeg"}],"twitter_card":"summary_large_image","twitter_misc":{"Tiempo de lectura":"1 minuto"},"schema":{"@context":"https:\/\/schema.org","@graph":[{"@type":"WebPage","@id":"https:\/\/www.german-design-shop.de\/es\/producto\/reloj-de-cuco-de-cuarzo-chalet-raben\/","url":"https:\/\/www.german-design-shop.de\/es\/producto\/reloj-de-cuco-de-cuarzo-chalet-raben\/","name":"Reloj de cuco de cuarzo - Chalet Raben - german design - Geschenkartikel &amp; Accessoires - Rathausstr. 17 - 10178 Berlin","isPartOf":{"@id":"https:\/\/www.german-design-shop.de\/#website"},"primaryImageOfPage":{"@id":"https:\/\/www.german-design-shop.de\/es\/producto\/reloj-de-cuco-de-cuarzo-chalet-raben\/#primaryimage"},"image":{"@id":"https:\/\/www.german-design-shop.de\/es\/producto\/reloj-de-cuco-de-cuarzo-chalet-raben\/#primaryimage"},"thumbnailUrl":"https:\/\/www.german-design-shop.de\/wp-content\/uploads\/2022\/01\/quartz-kuckucksuhr-firma-trenkle-4232.jpg","datePublished":"2022-02-05T10:06:31+00:00","breadcrumb":{"@id":"https:\/\/www.german-design-shop.de\/es\/producto\/reloj-de-cuco-de-cuarzo-chalet-raben\/#breadcrumb"},"inLanguage":"es","potentialAction":[{"@type":"ReadAction","target":["https:\/\/www.german-design-shop.de\/es\/producto\/reloj-de-cuco-de-cuarzo-chalet-raben\/"]}]},{"@type":"ImageObject","inLanguage":"es","@id":"https:\/\/www.german-design-shop.de\/es\/producto\/reloj-de-cuco-de-cuarzo-chalet-raben\/#primaryimage","url":"https:\/\/www.german-design-shop.de\/wp-content\/uploads\/2022\/01\/quartz-kuckucksuhr-firma-trenkle-4232.jpg","contentUrl":"https:\/\/www.german-design-shop.de\/wp-content\/uploads\/2022\/01\/quartz-kuckucksuhr-firma-trenkle-4232.jpg","width":1100,"height":1600},{"@type":"BreadcrumbList","@id":"https:\/\/www.german-design-shop.de\/es\/producto\/reloj-de-cuco-de-cuarzo-chalet-raben\/#breadcrumb","itemListElement":[{"@type":"ListItem","position":1,"name":"Startseite","item":"https:\/\/www.german-design-shop.de\/es\/"},{"@type":"ListItem","position":2,"name":"Shop","item":"https:\/\/www.german-design-shop.de\/shop\/"},{"@type":"ListItem","position":3,"name":"Reloj de cuco de cuarzo &#8211; Chalet Raben"}]},{"@type":"WebSite","@id":"https:\/\/www.german-design-shop.de\/#website","url":"https:\/\/www.german-design-shop.de\/","name":"german design - Geschenkartikel &amp; Accessoires - Rathausstr. 17 - 10178 Berlin","description":"handbemalte Kuckucksuhren, Bierkr\u00fcge, Zinngeschirr, Zinnsoldaten und vieles mehr","publisher":{"@id":"https:\/\/www.german-design-shop.de\/#organization"},"potentialAction":[{"@type":"SearchAction","target":{"@type":"EntryPoint","urlTemplate":"https:\/\/www.german-design-shop.de\/?s={search_term_string}"},"query-input":{"@type":"PropertyValueSpecification","valueRequired":true,"valueName":"search_term_string"}}],"inLanguage":"es"},{"@type":"Organization","@id":"https:\/\/www.german-design-shop.de\/#organization","name":"german design","url":"https:\/\/www.german-design-shop.de\/","logo":{"@type":"ImageObject","inLanguage":"es","@id":"https:\/\/www.german-design-shop.de\/#\/schema\/logo\/image\/","url":"https:\/\/www.german-design-shop.de\/wp-content\/uploads\/2021\/11\/logo.png","contentUrl":"https:\/\/www.german-design-shop.de\/wp-content\/uploads\/2021\/11\/logo.png","width":280,"height":167,"caption":"german design"},"image":{"@id":"https:\/\/www.german-design-shop.de\/#\/schema\/logo\/image\/"}}]}},"_links":{"self":[{"href":"https:\/\/www.german-design-shop.de\/es\/wp-json\/wp\/v2\/product\/921","targetHints":{"allow":["GET"]}}],"collection":[{"href":"https:\/\/www.german-design-shop.de\/es\/wp-json\/wp\/v2\/product"}],"about":[{"href":"https:\/\/www.german-design-shop.de\/es\/wp-json\/wp\/v2\/types\/product"}],"wp:featuredmedia":[{"embeddable":true,"href":"https:\/\/www.german-design-shop.de\/es\/wp-json\/wp\/v2\/media\/546"}],"wp:attachment":[{"href":"https:\/\/www.german-design-shop.de\/es\/wp-json\/wp\/v2\/media?parent=921"}],"wp:term":[{"taxonomy":"product_cat","embeddable":true,"href":"https:\/\/www.german-design-shop.de\/es\/wp-json\/wp\/v2\/product_cat?post=921"},{"taxonomy":"product_tag","embeddable":true,"href":"https:\/\/www.german-design-shop.de\/es\/wp-json\/wp\/v2\/product_tag?post=921"}],"curies":[{"name":"wp","href":"https:\/\/api.w.org\/{rel}","templated":true}]}}